{"id":10726,"date":"2026-04-13T02:36:45","date_gmt":"2026-04-13T02:36:45","guid":{"rendered":"https:\/\/adicora.org\/cordoba\/?page_id=10726"},"modified":"2026-04-13T04:17:34","modified_gmt":"2026-04-13T04:17:34","slug":"tarifario","status":"publish","type":"page","link":"https:\/\/adicora.org\/cordoba\/tarifario\/","title":{"rendered":"TARIFARIO"},"content":{"rendered":"<p>[et_pb_section fb_built=\u00bb1&#8243; _builder_version=\u00bb4.27.6&#8243; _module_preset=\u00bbdefault\u00bb background_color=\u00bb#009CDA\u00bb use_background_color_gradient=\u00bbon\u00bb background_color_gradient_stops=\u00bb#2b87da 0%|#00339b 100%\u00bb da_disable_devices=\u00bboff|off|off\u00bb global_colors_info=\u00bb{}\u00bb da_is_popup=\u00bboff\u00bb da_exit_intent=\u00bboff\u00bb da_has_close=\u00bbon\u00bb da_alt_close=\u00bboff\u00bb da_dark_close=\u00bboff\u00bb da_not_modal=\u00bbon\u00bb da_is_singular=\u00bboff\u00bb da_with_loader=\u00bboff\u00bb da_has_shadow=\u00bbon\u00bb][et_pb_row _builder_version=\u00bb4.27.6&#8243; _module_preset=\u00bbdefault\u00bb global_colors_info=\u00bb{}\u00bb][et_pb_column type=\u00bb4_4&#8243; _builder_version=\u00bb4.27.6&#8243; _module_preset=\u00bbdefault\u00bb global_colors_info=\u00bb{}\u00bb][et_pb_text _builder_version=\u00bb4.27.6&#8243; _module_preset=\u00bbdefault\u00bb header_font=\u00bb|700|||||||\u00bb header_text_align=\u00bbcenter\u00bb header_text_color=\u00bb#FFFFFF\u00bb header_text_shadow_style=\u00bbpreset1&#8243; global_colors_info=\u00bb{}\u00bb]<\/p>\n<h1>TARIFARIO ADICORA 2026<\/h1>\n<p>[\/et_pb_text][\/et_pb_column][\/et_pb_row][et_pb_row _builder_version=\u00bb4.27.6&#8243; _module_preset=\u00bbdefault\u00bb background_color=\u00bb#a8cfff\u00bb border_radii=\u00bbon|20px|20px|20px|20px\u00bb global_colors_info=\u00bb{}\u00bb][et_pb_column type=\u00bb4_4&#8243; _builder_version=\u00bb4.27.6&#8243; _module_preset=\u00bbdefault\u00bb global_colors_info=\u00bb{}\u00bb][et_pb_text module_id=\u00bbtarifario\u00bb _builder_version=\u00bb4.27.6&#8243; _module_preset=\u00bbdefault\u00bb text_font=\u00bb&#8211;et_global_body_font||||||||\u00bb text_text_color=\u00bb#000000&#8243; text_font_size=\u00bb17px\u00bb text_orientation=\u00bbcenter\u00bb text_text_shadow_style=\u00bbpreset1&#8243; global_colors_info=\u00bb{}\u00bb]<\/p>\n<div class=\"forminator-ui forminator-custom-form forminator-custom-form-10737 forminator-design--default  forminator_ajax\" data-forminator-render=\"0\" data-form=\"forminator-module-10737\" data-uid=\"69e12ad5e4746\"><br\/><\/div><form\n\t\t\t\tid=\"forminator-module-10737\"\n\t\t\t\tclass=\"forminator-ui forminator-custom-form forminator-custom-form-10737 forminator-design--default  forminator_ajax\"\n\t\t\t\tmethod=\"post\"\n\t\t\t\tdata-forminator-render=\"0\"\n\t\t\t\tdata-form-id=\"10737\"\n\t\t\t\t data-color-option=\"default\" data-design=\"default\" data-grid=\"open\" style=\"display: none;\"\n\t\t\t\tdata-uid=\"69e12ad5e4746\"\n\t\t\t><div role=\"alert\" aria-live=\"polite\" class=\"forminator-response-message forminator-error\" aria-hidden=\"true\"><\/div><div class=\"forminator-row\"><div id=\"select-1\" class=\"forminator-field-select forminator-col forminator-col-12 \"><div class=\"forminator-field\"><label for=\"forminator-form-10737__field--select-1_69e12ad5e4746\" id=\"forminator-form-10737__field--select-1_69e12ad5e4746-label\" class=\"forminator-label\">ROL<\/label><select  id=\"forminator-form-10737__field--select-1_69e12ad5e4746\" class=\"forminator-select--field forminator-select2 forminator-select2-multiple\" data-required=\"\" name=\"select-1\" data-default-value=\"\" data-hidden-behavior=\"zero\" data-placeholder=\"\" data-search=\"false\" data-search-placeholder=\"\" data-checkbox=\"false\" data-allow-clear=\"false\" aria-labelledby=\"forminator-form-10737__field--select-1_69e12ad5e4746-label\"><option value=\"one\"  data-calculation=\"1\">DIRECCI\u00d3N<\/option><option value=\"two\"  data-calculation=\"0.6\">ASISTENCIA DE DIRECCI\u00d3N\/SUBDIRECCI\u00d3N<\/option><\/select><\/div><\/div><\/div><div class=\"forminator-row\"><div id=\"select-2\" class=\"forminator-field-select forminator-col forminator-col-12 \"><div class=\"forminator-field\"><label for=\"forminator-form-10737__field--select-2_69e12ad5e4746\" id=\"forminator-form-10737__field--select-2_69e12ad5e4746-label\" class=\"forminator-label\">JORNADAS\/ENSAYOS SEMANALES<\/label><select  id=\"forminator-form-10737__field--select-2_69e12ad5e4746\" class=\"forminator-select--field forminator-select2 forminator-select2-multiple\" data-required=\"\" name=\"select-2\" data-default-value=\"\" data-hidden-behavior=\"zero\" data-placeholder=\"\" data-search=\"false\" data-search-placeholder=\"\" data-checkbox=\"false\" data-allow-clear=\"false\" aria-labelledby=\"forminator-form-10737__field--select-2_69e12ad5e4746-label\"><option value=\"one\"  data-calculation=\"1\">1<\/option><option value=\"two\"  data-calculation=\"1.4\">2<\/option><option value=\"3\"  data-calculation=\"1.6\">3<\/option><\/select><\/div><\/div><\/div><div class=\"forminator-row\"><div id=\"select-3\" class=\"forminator-field-select forminator-col forminator-col-12 \"><div class=\"forminator-field\"><label for=\"forminator-form-10737__field--select-3_69e12ad5e4746\" id=\"forminator-form-10737__field--select-3_69e12ad5e4746-label\" class=\"forminator-label\">ACTUACIONES\/CONCIERTOS ANUALES<\/label><select  id=\"forminator-form-10737__field--select-3_69e12ad5e4746\" class=\"forminator-select--field forminator-select2 forminator-select2-multiple\" data-required=\"\" name=\"select-3\" data-default-value=\"\" data-hidden-behavior=\"zero\" data-placeholder=\"\" data-search=\"false\" data-search-placeholder=\"\" data-checkbox=\"false\" data-allow-clear=\"false\" aria-labelledby=\"forminator-form-10737__field--select-3_69e12ad5e4746-label\"><option value=\"one\"  data-calculation=\"1\">1-5<\/option><option value=\"two\"  data-calculation=\"1.2\">6-10<\/option><option value=\"m\u00e1s-de-11\"  data-calculation=\"1.3\">m\u00e1s de 11<\/option><\/select><\/div><\/div><\/div><div class=\"forminator-row\"><div id=\"number-1\" class=\"forminator-field-number forminator-col forminator-col-12 \"><div class=\"forminator-field\"><label for=\"forminator-field-number-1_69e12ad5e4746\" id=\"forminator-field-number-1_69e12ad5e4746-label\" class=\"forminator-label\">ANTIG\u00dcEDAD (En a\u00f1os)<\/label><input name=\"number-1\" value=\"0\" placeholder=\"\" id=\"forminator-field-number-1_69e12ad5e4746\" class=\"forminator-input forminator-number--field\" inputmode=\"decimal\" data-required=\"\" data-decimals=\"0\" aria-required=\"false\" data-inputmask=\"&#039;groupSeparator&#039;: &#039;&#039;, &#039;radixPoint&#039;: &#039;&#039;, &#039;digits&#039;: &#039;0&#039;\" data-hidden-behavior=\"zero\" type=\"number\" step=\"any\" min=\"0\" max=\"30\" \/><\/div><\/div><\/div><div class=\"forminator-row\"><div id=\"select-4\" class=\"forminator-field-select forminator-col forminator-col-12 \"><div class=\"forminator-field\"><label for=\"forminator-form-10737__field--select-4_69e12ad5e4746\" id=\"forminator-form-10737__field--select-4_69e12ad5e4746-label\" class=\"forminator-label\">FUNCIONES ADJUNTAS<\/label><select  id=\"forminator-form-10737__field--select-4_69e12ad5e4746\" class=\"forminator-select--field forminator-select2 forminator-select2-multiple\" data-required=\"\" name=\"select-4\" data-default-value=\"\" data-hidden-behavior=\"zero\" data-placeholder=\"\" data-search=\"false\" data-search-placeholder=\"\" data-checkbox=\"false\" data-allow-clear=\"false\" aria-labelledby=\"forminator-form-10737__field--select-4_69e12ad5e4746-label\" aria-describedby=\"forminator-form-10737__field--select-4_69e12ad5e4746-description\"><option value=\"SIN-FUNCIONES\"  data-calculation=\"1\">SIN FUNCIONES<\/option><option value=\"one\"  data-calculation=\"1.2\">1 FUNCI\u00d3N (Instrumentista o Prep. Vocal)<\/option><option value=\"two\"  data-calculation=\"1.3\">2 FUNCIONES (Instrumentista y Prep. Vocal)<\/option><\/select><span id=\"forminator-form-10737__field--select-4_69e12ad5e4746-description\" class=\"forminator-description\">Aclaraci\u00f3n: Instrumentista EN ENSAYO \u00fanicamente<\/span><\/div><\/div><\/div><div class=\"forminator-row\"><div id=\"calculation-1\" class=\"forminator-field-calculation forminator-col forminator-col-12 \"><div class=\"forminator-field\"><label for=\"calculation-1-field_69e12ad5e4746\" id=\"calculation-1-field_69e12ad5e4746-label\" class=\"forminator-label\">TARIFA ESTIMADA<\/label><div class=\"forminator-input forminator-input-with-prefix\"><span class=\"forminator-prefix\">$<\/span><input type=\"text\" name=\"calculation-1\" value=\"\" id=\"calculation-1-field_69e12ad5e4746\" class=\"forminator-calculation\" data-formula=\"2661.65 * 200 *{select-1} * {select-2} * {select-3} *  (({number-1} * 0.03) + 1 )*{select-4}\" data-required=\"\" data-decimal-point=\",\" data-precision=\"2\" data-is-hidden=\"\" disabled=\"disabled\" data-decimals=\"2\" data-inputmask=\"&#039;groupSeparator&#039;: &#039;.&#039;, &#039;radixPoint&#039;: &#039;,&#039;, &#039;digits&#039;: &#039;2&#039;\" readonly=\"readonly\" \/><span class=\"forminator-suffix\"><\/span><\/div><\/div><\/div><\/div><input type=\"hidden\" name=\"referer_url\" value=\"\" \/><div class=\"forminator-row forminator-row-last\"><div class=\"forminator-col\"><div class=\"forminator-field\"><button class=\"forminator-button forminator-button-submit .forminator-button-submit { display: none !important; }\"><\/button><\/div><\/div><\/div><input type=\"hidden\" id=\"forminator_nonce\" name=\"forminator_nonce\" value=\"b8ac08772e\" \/><input type=\"hidden\" name=\"_wp_http_referer\" value=\"\/cordoba\/wp-json\/wp\/v2\/pages\/10726\" \/><input type=\"hidden\" name=\"form_id\" value=\"10737\"><input type=\"hidden\" name=\"page_id\" value=\"10726\"><input type=\"hidden\" name=\"form_type\" value=\"default\"><input type=\"hidden\" name=\"current_url\" value=\"https:\/\/adicora.org\/cordoba\/tarifario\/\"><input type=\"hidden\" name=\"render_id\" value=\"0\"><input type=\"hidden\" name=\"action\" value=\"forminator_submit_form_custom-forms\"><\/form>\n<p>[\/et_pb_text][\/et_pb_column][\/et_pb_row][et_pb_row _builder_version=\u00bb4.27.6&#8243; _module_preset=\u00bbdefault\u00bb global_colors_info=\u00bb{}\u00bb][et_pb_column type=\u00bb4_4&#8243; _builder_version=\u00bb4.27.6&#8243; _module_preset=\u00bbdefault\u00bb global_colors_info=\u00bb{}\u00bb][et_pb_text _builder_version=\u00bb4.27.6&#8243; _module_preset=\u00bbdefault\u00bb text_text_color=\u00bb#FFFFFF\u00bb hover_enabled=\u00bb0&#8243; global_colors_info=\u00bb{}\u00bb sticky_enabled=\u00bb0&#8243;]<\/p>\n<p>Tarifario elaborado con el aval del SINDICATO DE M\u00daSICOS DE LA PROVINCIA. Se actualiza seg\u00fan el valor del SONORO. (ULTIMA ACTUALIZACI\u00d3N marzo 2026)<\/p>\n<p>[\/et_pb_text][\/et_pb_column][\/et_pb_row][\/et_pb_section]<\/p>\n","protected":false},"excerpt":{"rendered":"<p>TARIFARIO ADICORA 2026<div class=\"forminator-ui forminator-custom-form forminator-custom-form-10737 forminator-design--default  forminator_ajax\" data-forminator-render=\"1\" data-form=\"forminator-module-10737\" data-uid=\"69e12ad6303a2\"><br\/><\/div><form\n\t\t\t\tid=\"forminator-module-10737\"\n\t\t\t\tclass=\"forminator-ui forminator-custom-form forminator-custom-form-10737 forminator-design--default  forminator_ajax\"\n\t\t\t\tmethod=\"post\"\n\t\t\t\tdata-forminator-render=\"1\"\n\t\t\t\tdata-form-id=\"10737\"\n\t\t\t\t data-color-option=\"default\" data-design=\"default\" data-grid=\"open\" style=\"display: none;\"\n\t\t\t\tdata-uid=\"69e12ad6303a2\"\n\t\t\t><div role=\"alert\" aria-live=\"polite\" class=\"forminator-response-message forminator-error\" aria-hidden=\"true\"><\/div><div class=\"forminator-row\"><div id=\"select-1\" class=\"forminator-field-select forminator-col forminator-col-12 \"><div class=\"forminator-field\"><label for=\"forminator-form-10737__field--select-1_69e12ad6303a2\" id=\"forminator-form-10737__field--select-1_69e12ad6303a2-label\" class=\"forminator-label\">ROL<\/label><select  id=\"forminator-form-10737__field--select-1_69e12ad6303a2\" class=\"forminator-select--field forminator-select2 forminator-select2-multiple\" data-required=\"\" name=\"select-1\" data-default-value=\"\" data-hidden-behavior=\"zero\" data-placeholder=\"\" data-search=\"false\" data-search-placeholder=\"\" data-checkbox=\"false\" data-allow-clear=\"false\" aria-labelledby=\"forminator-form-10737__field--select-1_69e12ad6303a2-label\"><option value=\"one\"  data-calculation=\"1\">DIRECCI\u00d3N<\/option><option value=\"two\"  data-calculation=\"0.6\">ASISTENCIA DE DIRECCI\u00d3N\/SUBDIRECCI\u00d3N<\/option><\/select><\/div><\/div><\/div><div class=\"forminator-row\"><div id=\"select-2\" class=\"forminator-field-select forminator-col forminator-col-12 \"><div class=\"forminator-field\"><label for=\"forminator-form-10737__field--select-2_69e12ad6303a2\" id=\"forminator-form-10737__field--select-2_69e12ad6303a2-label\" class=\"forminator-label\">JORNADAS\/ENSAYOS SEMANALES<\/label><select  id=\"forminator-form-10737__field--select-2_69e12ad6303a2\" class=\"forminator-select--field forminator-select2 forminator-select2-multiple\" data-required=\"\" name=\"select-2\" data-default-value=\"\" data-hidden-behavior=\"zero\" data-placeholder=\"\" data-search=\"false\" data-search-placeholder=\"\" data-checkbox=\"false\" data-allow-clear=\"false\" aria-labelledby=\"forminator-form-10737__field--select-2_69e12ad6303a2-label\"><option value=\"one\"  data-calculation=\"1\">1<\/option><option value=\"two\"  data-calculation=\"1.4\">2<\/option><option value=\"3\"  data-calculation=\"1.6\">3<\/option><\/select><\/div><\/div><\/div><div class=\"forminator-row\"><div id=\"select-3\" class=\"forminator-field-select forminator-col forminator-col-12 \"><div class=\"forminator-field\"><label for=\"forminator-form-10737__field--select-3_69e12ad6303a2\" id=\"forminator-form-10737__field--select-3_69e12ad6303a2-label\" class=\"forminator-label\">ACTUACIONES\/CONCIERTOS ANUALES<\/label><select  id=\"forminator-form-10737__field--select-3_69e12ad6303a2\" class=\"forminator-select--field forminator-select2 forminator-select2-multiple\" data-required=\"\" name=\"select-3\" data-default-value=\"\" data-hidden-behavior=\"zero\" data-placeholder=\"\" data-search=\"false\" data-search-placeholder=\"\" data-checkbox=\"false\" data-allow-clear=\"false\" aria-labelledby=\"forminator-form-10737__field--select-3_69e12ad6303a2-label\"><option value=\"one\"  data-calculation=\"1\">1-5<\/option><option value=\"two\"  data-calculation=\"1.2\">6-10<\/option><option value=\"m\u00e1s-de-11\"  data-calculation=\"1.3\">m\u00e1s de 11<\/option><\/select><\/div><\/div><\/div><div class=\"forminator-row\"><div id=\"number-1\" class=\"forminator-field-number forminator-col forminator-col-12 \"><div class=\"forminator-field\"><label for=\"forminator-field-number-1_69e12ad6303a2\" id=\"forminator-field-number-1_69e12ad6303a2-label\" class=\"forminator-label\">ANTIG\u00dcEDAD (En a\u00f1os)<\/label><input name=\"number-1\" value=\"0\" placeholder=\"\" id=\"forminator-field-number-1_69e12ad6303a2\" class=\"forminator-input forminator-number--field\" inputmode=\"decimal\" data-required=\"\" data-decimals=\"0\" aria-required=\"false\" data-inputmask=\"&#039;groupSeparator&#039;: &#039;&#039;, &#039;radixPoint&#039;: &#039;&#039;, &#039;digits&#039;: &#039;0&#039;\" data-hidden-behavior=\"zero\" type=\"number\" step=\"any\" min=\"0\" max=\"30\" \/><\/div><\/div><\/div><div class=\"forminator-row\"><div id=\"select-4\" class=\"forminator-field-select forminator-col forminator-col-12 \"><div class=\"forminator-field\"><label for=\"forminator-form-10737__field--select-4_69e12ad6303a2\" id=\"forminator-form-10737__field--select-4_69e12ad6303a2-label\" class=\"forminator-label\">FUNCIONES ADJUNTAS<\/label><select  id=\"forminator-form-10737__field--select-4_69e12ad6303a2\" class=\"forminator-select--field forminator-select2 forminator-select2-multiple\" data-required=\"\" name=\"select-4\" data-default-value=\"\" data-hidden-behavior=\"zero\" data-placeholder=\"\" data-search=\"false\" data-search-placeholder=\"\" data-checkbox=\"false\" data-allow-clear=\"false\" aria-labelledby=\"forminator-form-10737__field--select-4_69e12ad6303a2-label\" aria-describedby=\"forminator-form-10737__field--select-4_69e12ad6303a2-description\"><option value=\"SIN-FUNCIONES\"  data-calculation=\"1\">SIN FUNCIONES<\/option><option value=\"one\"  data-calculation=\"1.2\">1 FUNCI\u00d3N (Instrumentista o Prep. Vocal)<\/option><option value=\"two\"  data-calculation=\"1.3\">2 FUNCIONES (Instrumentista y Prep. Vocal)<\/option><\/select><span id=\"forminator-form-10737__field--select-4_69e12ad6303a2-description\" class=\"forminator-description\">Aclaraci\u00f3n: Instrumentista EN ENSAYO \u00fanicamente<\/span><\/div><\/div><\/div><div class=\"forminator-row\"><div id=\"calculation-1\" class=\"forminator-field-calculation forminator-col forminator-col-12 \"><div class=\"forminator-field\"><label for=\"calculation-1-field_69e12ad6303a2\" id=\"calculation-1-field_69e12ad6303a2-label\" class=\"forminator-label\">TARIFA ESTIMADA<\/label><div class=\"forminator-input forminator-input-with-prefix\"><span class=\"forminator-prefix\">$<\/span><input type=\"text\" name=\"calculation-1\" value=\"\" id=\"calculation-1-field_69e12ad6303a2\" class=\"forminator-calculation\" data-formula=\"2661.65 * 200 *{select-1} * {select-2} * {select-3} *  (({number-1} * 0.03) + 1 )*{select-4}\" data-required=\"\" data-decimal-point=\",\" data-precision=\"2\" data-is-hidden=\"\" disabled=\"disabled\" data-decimals=\"2\" data-inputmask=\"&#039;groupSeparator&#039;: &#039;.&#039;, &#039;radixPoint&#039;: &#039;,&#039;, &#039;digits&#039;: &#039;2&#039;\" readonly=\"readonly\" \/><span class=\"forminator-suffix\"><\/span><\/div><\/div><\/div><\/div><input type=\"hidden\" name=\"referer_url\" value=\"\" \/><div class=\"forminator-row forminator-row-last\"><div class=\"forminator-col\"><div class=\"forminator-field\"><button class=\"forminator-button forminator-button-submit .forminator-button-submit { display: none !important; }\"><\/button><\/div><\/div><\/div><input type=\"hidden\" id=\"forminator_nonce\" name=\"forminator_nonce\" value=\"b8ac08772e\" \/><input type=\"hidden\" name=\"_wp_http_referer\" value=\"\/cordoba\/wp-json\/wp\/v2\/pages\/10726\" \/><input type=\"hidden\" name=\"form_id\" value=\"10737\"><input type=\"hidden\" name=\"page_id\" value=\"10726\"><input type=\"hidden\" name=\"form_type\" value=\"default\"><input type=\"hidden\" name=\"current_url\" value=\"https:\/\/adicora.org\/cordoba\/tarifario\/\"><input type=\"hidden\" name=\"render_id\" value=\"1\"><input type=\"hidden\" name=\"action\" value=\"forminator_submit_form_custom-forms\"><\/form>Tarifario elaborado con el aval del SINDICATO DE M\u00daSICOS DE LA PROVINCIA. Se actualiza seg\u00fan el valor del SONORO. (ULTIMA ACTUALIZACI\u00d3N marzo 2026)<\/p>\n","protected":false},"author":3,"featured_media":0,"parent":0,"menu_order":0,"comment_status":"closed","ping_status":"closed","template":"","meta":{"_et_pb_use_builder":"on","_et_pb_old_content":"","_et_gb_content_width":"","footnotes":""},"class_list":["post-10726","page","type-page","status-publish","hentry"],"yoast_head":"<!-- This site is optimized with the Yoast SEO plugin v27.4 - https:\/\/yoast.com\/product\/yoast-seo-wordpress\/ -->\n<title>TARIFARIO - ADICORA Filial C\u00f3rdoba<\/title>\n<meta name=\"robots\" content=\"index, follow, max-snippet:-1, max-image-preview:large, max-video-preview:-1\" \/>\n<link rel=\"canonical\" href=\"https:\/\/adicora.org\/cordoba\/tarifario\/\" \/>\n<meta property=\"og:locale\" content=\"es_ES\" \/>\n<meta property=\"og:type\" content=\"article\" \/>\n<meta property=\"og:title\" content=\"TARIFARIO - ADICORA Filial C\u00f3rdoba\" \/>\n<meta property=\"og:description\" content=\"TARIFARIO ADICORA 2026Tarifario elaborado con el aval del SINDICATO DE M\u00daSICOS DE LA PROVINCIA. Se actualiza seg\u00fan el valor del SONORO. (ULTIMA ACTUALIZACI\u00d3N marzo 2026)\" \/>\n<meta property=\"og:url\" content=\"https:\/\/adicora.org\/cordoba\/tarifario\/\" \/>\n<meta property=\"og:site_name\" content=\"ADICORA Filial C\u00f3rdoba\" \/>\n<meta property=\"article:modified_time\" content=\"2026-04-13T04:17:34+00:00\" \/>\n<meta name=\"twitter:card\" content=\"summary_large_image\" \/>\n<meta name=\"twitter:label1\" content=\"Tiempo de lectura\" \/>\n\t<meta name=\"twitter:data1\" content=\"1 minuto\" \/>\n<script type=\"application\/ld+json\" class=\"yoast-schema-graph\">{\"@context\":\"https:\\\/\\\/schema.org\",\"@graph\":[{\"@type\":\"WebPage\",\"@id\":\"https:\\\/\\\/adicora.org\\\/cordoba\\\/tarifario\\\/\",\"url\":\"https:\\\/\\\/adicora.org\\\/cordoba\\\/tarifario\\\/\",\"name\":\"TARIFARIO - ADICORA Filial C\u00f3rdoba\",\"isPartOf\":{\"@id\":\"https:\\\/\\\/adicora.org\\\/cordoba\\\/#website\"},\"datePublished\":\"2026-04-13T02:36:45+00:00\",\"dateModified\":\"2026-04-13T04:17:34+00:00\",\"breadcrumb\":{\"@id\":\"https:\\\/\\\/adicora.org\\\/cordoba\\\/tarifario\\\/#breadcrumb\"},\"inLanguage\":\"es\",\"potentialAction\":[{\"@type\":\"ReadAction\",\"target\":[\"https:\\\/\\\/adicora.org\\\/cordoba\\\/tarifario\\\/\"]}]},{\"@type\":\"BreadcrumbList\",\"@id\":\"https:\\\/\\\/adicora.org\\\/cordoba\\\/tarifario\\\/#breadcrumb\",\"itemListElement\":[{\"@type\":\"ListItem\",\"position\":1,\"name\":\"Portada\",\"item\":\"https:\\\/\\\/adicora.org\\\/cordoba\\\/\"},{\"@type\":\"ListItem\",\"position\":2,\"name\":\"TARIFARIO\"}]},{\"@type\":\"WebSite\",\"@id\":\"https:\\\/\\\/adicora.org\\\/cordoba\\\/#website\",\"url\":\"https:\\\/\\\/adicora.org\\\/cordoba\\\/\",\"name\":\"ADICORA Filial C\u00f3rdoba\",\"description\":\"Asociaci\u00f3n de Directores de Coro\",\"potentialAction\":[{\"@type\":\"SearchAction\",\"target\":{\"@type\":\"EntryPoint\",\"urlTemplate\":\"https:\\\/\\\/adicora.org\\\/cordoba\\\/?s={search_term_string}\"},\"query-input\":{\"@type\":\"PropertyValueSpecification\",\"valueRequired\":true,\"valueName\":\"search_term_string\"}}],\"inLanguage\":\"es\"}]}<\/script>\n<!-- \/ Yoast SEO plugin. -->","yoast_head_json":{"title":"TARIFARIO - ADICORA Filial C\u00f3rdoba","robots":{"index":"index","follow":"follow","max-snippet":"max-snippet:-1","max-image-preview":"max-image-preview:large","max-video-preview":"max-video-preview:-1"},"canonical":"https:\/\/adicora.org\/cordoba\/tarifario\/","og_locale":"es_ES","og_type":"article","og_title":"TARIFARIO - ADICORA Filial C\u00f3rdoba","og_description":"TARIFARIO ADICORA 2026Tarifario elaborado con el aval del SINDICATO DE M\u00daSICOS DE LA PROVINCIA. Se actualiza seg\u00fan el valor del SONORO. (ULTIMA ACTUALIZACI\u00d3N marzo 2026)","og_url":"https:\/\/adicora.org\/cordoba\/tarifario\/","og_site_name":"ADICORA Filial C\u00f3rdoba","article_modified_time":"2026-04-13T04:17:34+00:00","twitter_card":"summary_large_image","twitter_misc":{"Tiempo de lectura":"1 minuto"},"schema":{"@context":"https:\/\/schema.org","@graph":[{"@type":"WebPage","@id":"https:\/\/adicora.org\/cordoba\/tarifario\/","url":"https:\/\/adicora.org\/cordoba\/tarifario\/","name":"TARIFARIO - ADICORA Filial C\u00f3rdoba","isPartOf":{"@id":"https:\/\/adicora.org\/cordoba\/#website"},"datePublished":"2026-04-13T02:36:45+00:00","dateModified":"2026-04-13T04:17:34+00:00","breadcrumb":{"@id":"https:\/\/adicora.org\/cordoba\/tarifario\/#breadcrumb"},"inLanguage":"es","potentialAction":[{"@type":"ReadAction","target":["https:\/\/adicora.org\/cordoba\/tarifario\/"]}]},{"@type":"BreadcrumbList","@id":"https:\/\/adicora.org\/cordoba\/tarifario\/#breadcrumb","itemListElement":[{"@type":"ListItem","position":1,"name":"Portada","item":"https:\/\/adicora.org\/cordoba\/"},{"@type":"ListItem","position":2,"name":"TARIFARIO"}]},{"@type":"WebSite","@id":"https:\/\/adicora.org\/cordoba\/#website","url":"https:\/\/adicora.org\/cordoba\/","name":"ADICORA Filial C\u00f3rdoba","description":"Asociaci\u00f3n de Directores de Coro","potentialAction":[{"@type":"SearchAction","target":{"@type":"EntryPoint","urlTemplate":"https:\/\/adicora.org\/cordoba\/?s={search_term_string}"},"query-input":{"@type":"PropertyValueSpecification","valueRequired":true,"valueName":"search_term_string"}}],"inLanguage":"es"}]}},"_links":{"self":[{"href":"https:\/\/adicora.org\/cordoba\/wp-json\/wp\/v2\/pages\/10726","targetHints":{"allow":["GET"]}}],"collection":[{"href":"https:\/\/adicora.org\/cordoba\/wp-json\/wp\/v2\/pages"}],"about":[{"href":"https:\/\/adicora.org\/cordoba\/wp-json\/wp\/v2\/types\/page"}],"author":[{"embeddable":true,"href":"https:\/\/adicora.org\/cordoba\/wp-json\/wp\/v2\/users\/3"}],"replies":[{"embeddable":true,"href":"https:\/\/adicora.org\/cordoba\/wp-json\/wp\/v2\/comments?post=10726"}],"version-history":[{"count":21,"href":"https:\/\/adicora.org\/cordoba\/wp-json\/wp\/v2\/pages\/10726\/revisions"}],"predecessor-version":[{"id":10794,"href":"https:\/\/adicora.org\/cordoba\/wp-json\/wp\/v2\/pages\/10726\/revisions\/10794"}],"wp:attachment":[{"href":"https:\/\/adicora.org\/cordoba\/wp-json\/wp\/v2\/media?parent=10726"}],"curies":[{"name":"wp","href":"https:\/\/api.w.org\/{rel}","templated":true}]}}