{"id":1564,"date":"2023-09-16T18:14:04","date_gmt":"2023-09-16T21:14:04","guid":{"rendered":"https:\/\/adicora.org\/caba\/?page_id=1564"},"modified":"2025-05-22T19:34:55","modified_gmt":"2025-05-22T22:34:55","slug":"gps-coral","status":"publish","type":"page","link":"https:\/\/adicora.org\/caba\/gps-coral\/","title":{"rendered":"GPS Coral"},"content":{"rendered":"\t\t<div data-elementor-type=\"wp-page\" data-elementor-id=\"1564\" class=\"elementor elementor-1564\">\n\t\t\t\t\t\t<section class=\"elementor-section elementor-top-section elementor-element elementor-element-e8d8309 elementor-section-height-min-height elementor-reverse-mobile elementor-section-boxed elementor-section-height-default elementor-section-items-middle\" data-id=\"e8d8309\" data-element_type=\"section\" data-settings=\"{&quot;background_background&quot;:&quot;classic&quot;}\">\n\t\t\t\t\t\t\t<div class=\"elementor-background-overlay\"><\/div>\n\t\t\t\t\t\t\t<div class=\"elementor-container elementor-column-gap-no\">\n\t\t\t\t\t<div class=\"elementor-column elementor-col-50 elementor-top-column elementor-element elementor-element-4ec7304\" data-id=\"4ec7304\" data-element_type=\"column\">\n\t\t\t<div class=\"elementor-widget-wrap elementor-element-populated\">\n\t\t\t\t\t\t<div class=\"elementor-element elementor-element-7bd7da8 elementor-widget-divider--view-line elementor-widget elementor-widget-divider\" data-id=\"7bd7da8\" data-element_type=\"widget\" data-widget_type=\"divider.default\">\n\t\t\t\t<div class=\"elementor-widget-container\">\n\t\t\t\t\t\t\t<div class=\"elementor-divider\">\n\t\t\t<span class=\"elementor-divider-separator\">\n\t\t\t\t\t\t<\/span>\n\t\t<\/div>\n\t\t\t\t\t\t<\/div>\n\t\t\t\t<\/div>\n\t\t\t\t<div class=\"elementor-element elementor-element-597b74a elementor-widget elementor-widget-heading\" data-id=\"597b74a\" data-element_type=\"widget\" data-widget_type=\"heading.default\">\n\t\t\t\t<div class=\"elementor-widget-container\">\n\t\t\t\t\t<h1 class=\"elementor-heading-title elementor-size-large\">GPS CORAL<\/h1>\t\t\t\t<\/div>\n\t\t\t\t<\/div>\n\t\t\t\t<div class=\"elementor-element elementor-element-8a49a09 elementor-widget elementor-widget-text-editor\" data-id=\"8a49a09\" data-element_type=\"widget\" data-widget_type=\"text-editor.default\">\n\t\t\t\t<div class=\"elementor-widget-container\">\n\t\t\t\t\t\t\t\t\t<p>El\u00a0<strong><a href=\"https:\/\/adicora.org\/gps-coral\/\">GPS Coral \u2013 El Mapa de los Coros<\/a><\/strong>\u00a0es una propuesta ideada por <a href=\"https:\/\/adicora.org\">ADICORA Nacional<\/a> donde podemos encontrar informaci\u00f3n sobre agrupaciones corales por ciudades y barrios, as\u00ed como tipo de formaci\u00f3n, repertorio y horarios de ensayos. Invitamos a nuestros socios y socias a que registren sus coros y tendremos el gusto de compartir toda la informaci\u00f3n en la secci\u00f3n <a href=\"https:\/\/adicora.org\/caba\/gpscoral-coros-de-caba\/\">Coros de CABA<\/a>, facilitando de esta manera a los cantantes y coreutas que buscan participar de una agrupaci\u00f3n.\u00a0<\/p>\t\t\t\t\t\t\t\t<\/div>\n\t\t\t\t<\/div>\n\t\t\t\t\t<\/div>\n\t\t<\/div>\n\t\t\t\t<div class=\"elementor-column elementor-col-50 elementor-top-column elementor-element elementor-element-d203387\" data-id=\"d203387\" data-element_type=\"column\">\n\t\t\t<div class=\"elementor-widget-wrap elementor-element-populated\">\n\t\t\t\t\t\t<div class=\"elementor-element elementor-element-1f692c2 elementor-widget elementor-widget-image\" data-id=\"1f692c2\" data-element_type=\"widget\" data-widget_type=\"image.default\">\n\t\t\t\t<div class=\"elementor-widget-container\">\n\t\t\t\t\t\t\t\t\t\t\t\t\t\t\t<img fetchpriority=\"high\" decoding=\"async\" width=\"940\" height=\"628\" src=\"https:\/\/adicora.org\/caba\/wp-content\/uploads\/2023\/09\/Mapa-e1694899275858.png\" class=\"attachment-full size-full wp-image-1566\" alt=\"GPS Coral\" srcset=\"https:\/\/adicora.org\/caba\/wp-content\/uploads\/2023\/09\/Mapa-e1694899275858.png 940w, https:\/\/adicora.org\/caba\/wp-content\/uploads\/2023\/09\/Mapa-e1694899275858-300x200.png 300w, https:\/\/adicora.org\/caba\/wp-content\/uploads\/2023\/09\/Mapa-e1694899275858-768x513.png 768w\" sizes=\"(max-width: 940px) 100vw, 940px\" \/>\t\t\t\t\t\t\t\t\t\t\t\t\t\t\t<\/div>\n\t\t\t\t<\/div>\n\t\t\t\t\t<\/div>\n\t\t<\/div>\n\t\t\t\t\t<\/div>\n\t\t<\/section>\n\t\t<div class=\"elementor-element elementor-element-7ccde9f e-flex e-con-boxed e-con e-parent\" data-id=\"7ccde9f\" data-element_type=\"container\">\n\t\t\t\t\t<div class=\"e-con-inner\">\n\t\t<div class=\"elementor-element elementor-element-54cea8d e-con-full e-flex e-con e-child\" data-id=\"54cea8d\" data-element_type=\"container\">\n\t\t\t\t<div class=\"elementor-element elementor-element-082d90c elementor-widget elementor-widget-heading\" data-id=\"082d90c\" data-element_type=\"widget\" data-widget_type=\"heading.default\">\n\t\t\t\t<div class=\"elementor-widget-container\">\n\t\t\t\t\t<h2 class=\"elementor-heading-title elementor-size-medium\"><a href=\"https:\/\/adicora.org\/caba\/gpscoral-coros-de-caba\/\">COROS DE CABA<\/a><\/h2>\t\t\t\t<\/div>\n\t\t\t\t<\/div>\n\t\t\t\t<\/div>\n\t\t<div class=\"elementor-element elementor-element-25d8066 e-con-full e-flex e-con e-child\" data-id=\"25d8066\" data-element_type=\"container\">\n\t\t\t\t<div class=\"elementor-element elementor-element-a37e2bb elementor-widget elementor-widget-heading\" data-id=\"a37e2bb\" data-element_type=\"widget\" data-widget_type=\"heading.default\">\n\t\t\t\t<div class=\"elementor-widget-container\">\n\t\t\t\t\t<h2 class=\"elementor-heading-title elementor-size-medium\"><a href=\"https:\/\/adicora.org\/registrar-coro\/\">REGISTRAR CORO<\/a><\/h2>\t\t\t\t<\/div>\n\t\t\t\t<\/div>\n\t\t\t\t<\/div>\n\t\t<div class=\"elementor-element elementor-element-f64adb0 e-con-full e-flex e-con e-child\" data-id=\"f64adb0\" data-element_type=\"container\">\n\t\t\t\t<div class=\"elementor-element elementor-element-1967e23 elementor-widget elementor-widget-heading\" data-id=\"1967e23\" data-element_type=\"widget\" data-widget_type=\"heading.default\">\n\t\t\t\t<div class=\"elementor-widget-container\">\n\t\t\t\t\t<h2 class=\"elementor-heading-title elementor-size-medium\"><a href=\"https:\/\/adicora.org\/gps-coral\/\" target=\"_blank\">GPS CORAL - EL MAPA DE LOS COROS<\/a><\/h2>\t\t\t\t<\/div>\n\t\t\t\t<\/div>\n\t\t\t\t<\/div>\n\t\t<div class=\"elementor-element elementor-element-548c770 e-con-full e-flex e-con e-child\" data-id=\"548c770\" data-element_type=\"container\">\n\t\t\t\t<\/div>\n\t\t<div class=\"elementor-element elementor-element-e29de08 e-con-full e-flex e-con e-child\" data-id=\"e29de08\" data-element_type=\"container\">\n\t\t\t\t<\/div>\n\t\t<div class=\"elementor-element elementor-element-09d9c17 e-con-full e-flex e-con e-child\" data-id=\"09d9c17\" data-element_type=\"container\">\n\t\t\t\t<\/div>\n\t\t\t\t\t<\/div>\n\t\t\t\t<\/div>\n\t\t<div class=\"elementor-element elementor-element-6a14685 e-flex e-con-boxed e-con e-parent\" data-id=\"6a14685\" data-element_type=\"container\">\n\t\t\t\t\t<div class=\"e-con-inner\">\n\t\t<div class=\"elementor-element elementor-element-779e361 e-con-full e-flex e-con e-child\" data-id=\"779e361\" data-element_type=\"container\">\n\t\t\t\t<div class=\"elementor-element elementor-element-fb8f289 elementor-widget elementor-widget-image\" data-id=\"fb8f289\" data-element_type=\"widget\" data-widget_type=\"image.default\">\n\t\t\t\t<div class=\"elementor-widget-container\">\n\t\t\t\t\t\t\t\t\t\t\t\t\t\t\t\t<a href=\"https:\/\/goldberg-verlag.com\/es\/inicio\/\">\n\t\t\t\t\t\t\t<img decoding=\"async\" width=\"1024\" height=\"512\" src=\"https:\/\/adicora.org\/caba\/wp-content\/uploads\/2023\/10\/Banner-de-Goldberg-1024x512.png\" class=\"attachment-large size-large wp-image-2336\" alt=\"\" srcset=\"https:\/\/adicora.org\/caba\/wp-content\/uploads\/2023\/10\/Banner-de-Goldberg-1024x512.png 1024w, https:\/\/adicora.org\/caba\/wp-content\/uploads\/2023\/10\/Banner-de-Goldberg-300x150.png 300w, https:\/\/adicora.org\/caba\/wp-content\/uploads\/2023\/10\/Banner-de-Goldberg-768x384.png 768w, https:\/\/adicora.org\/caba\/wp-content\/uploads\/2023\/10\/Banner-de-Goldberg-1536x768.png 1536w, https:\/\/adicora.org\/caba\/wp-content\/uploads\/2023\/10\/Banner-de-Goldberg-2048x1024.png 2048w\" sizes=\"(max-width: 1024px) 100vw, 1024px\" \/>\t\t\t\t\t\t\t\t<\/a>\n\t\t\t\t\t\t\t\t\t\t\t\t\t\t\t<\/div>\n\t\t\t\t<\/div>\n\t\t\t\t<\/div>\n\t\t<div class=\"elementor-element elementor-element-9bac750 e-con-full e-flex e-con e-child\" data-id=\"9bac750\" data-element_type=\"container\">\n\t\t\t\t<div class=\"elementor-element elementor-element-8fb6a73 elementor-widget elementor-widget-image\" data-id=\"8fb6a73\" data-element_type=\"widget\" data-widget_type=\"image.default\">\n\t\t\t\t<div class=\"elementor-widget-container\">\n\t\t\t\t\t\t\t\t\t\t\t\t\t\t\t\t<a href=\"https:\/\/edicionesgcc.org.ar\/\">\n\t\t\t\t\t\t\t<img decoding=\"async\" width=\"1024\" height=\"512\" src=\"https:\/\/adicora.org\/caba\/wp-content\/uploads\/2023\/10\/Banner-de-GCC-1024x512.png\" class=\"attachment-large size-large wp-image-2481\" alt=\"\" srcset=\"https:\/\/adicora.org\/caba\/wp-content\/uploads\/2023\/10\/Banner-de-GCC-1024x512.png 1024w, https:\/\/adicora.org\/caba\/wp-content\/uploads\/2023\/10\/Banner-de-GCC-300x150.png 300w, https:\/\/adicora.org\/caba\/wp-content\/uploads\/2023\/10\/Banner-de-GCC-768x384.png 768w, https:\/\/adicora.org\/caba\/wp-content\/uploads\/2023\/10\/Banner-de-GCC-1536x768.png 1536w, https:\/\/adicora.org\/caba\/wp-content\/uploads\/2023\/10\/Banner-de-GCC-2048x1024.png 2048w\" sizes=\"(max-width: 1024px) 100vw, 1024px\" \/>\t\t\t\t\t\t\t\t<\/a>\n\t\t\t\t\t\t\t\t\t\t\t\t\t\t\t<\/div>\n\t\t\t\t<\/div>\n\t\t\t\t<\/div>\n\t\t<div class=\"elementor-element elementor-element-be5f9ca e-con-full e-flex e-con e-child\" data-id=\"be5f9ca\" data-element_type=\"container\">\n\t\t\t\t<div class=\"elementor-element elementor-element-8e2e4ee elementor-widget elementor-widget-image\" data-id=\"8e2e4ee\" data-element_type=\"widget\" data-widget_type=\"image.default\">\n\t\t\t\t<div class=\"elementor-widget-container\">\n\t\t\t\t\t\t\t\t\t\t\t\t\t\t\t\t<a href=\"https:\/\/comcorar.com\/\">\n\t\t\t\t\t\t\t<img loading=\"lazy\" decoding=\"async\" width=\"768\" height=\"384\" src=\"https:\/\/adicora.org\/caba\/wp-content\/uploads\/2023\/10\/Banner-de-ComCorAr-768x384.png\" class=\"attachment-medium_large size-medium_large wp-image-2769\" alt=\"\" srcset=\"https:\/\/adicora.org\/caba\/wp-content\/uploads\/2023\/10\/Banner-de-ComCorAr-768x384.png 768w, https:\/\/adicora.org\/caba\/wp-content\/uploads\/2023\/10\/Banner-de-ComCorAr-300x150.png 300w, https:\/\/adicora.org\/caba\/wp-content\/uploads\/2023\/10\/Banner-de-ComCorAr-1024x512.png 1024w, https:\/\/adicora.org\/caba\/wp-content\/uploads\/2023\/10\/Banner-de-ComCorAr-1536x768.png 1536w, https:\/\/adicora.org\/caba\/wp-content\/uploads\/2023\/10\/Banner-de-ComCorAr-2048x1024.png 2048w\" sizes=\"(max-width: 768px) 100vw, 768px\" \/>\t\t\t\t\t\t\t\t<\/a>\n\t\t\t\t\t\t\t\t\t\t\t\t\t\t\t<\/div>\n\t\t\t\t<\/div>\n\t\t\t\t<\/div>\n\t\t<div class=\"elementor-element elementor-element-87de9b4 e-con-full e-flex e-con e-child\" data-id=\"87de9b4\" data-element_type=\"container\">\n\t\t\t\t<\/div>\n\t\t<div class=\"elementor-element elementor-element-eb5581a e-con-full e-flex e-con e-child\" data-id=\"eb5581a\" data-element_type=\"container\">\n\t\t\t\t<\/div>\n\t\t<div class=\"elementor-element elementor-element-a0e8019 e-con-full e-flex e-con e-child\" data-id=\"a0e8019\" data-element_type=\"container\">\n\t\t\t\t<\/div>\n\t\t\t\t\t<\/div>\n\t\t\t\t<\/div>\n\t\t\t\t<\/div>\n\t\t","protected":false},"excerpt":{"rendered":"<p>GPS CORAL El\u00a0GPS Coral \u2013 El Mapa de los Coros\u00a0es una propuesta ideada por ADICORA Nacional donde podemos encontrar informaci\u00f3n sobre agrupaciones corales por ciudades y barrios, as\u00ed como tipo de formaci\u00f3n, repertorio y horarios de ensayos. Invitamos a nuestros socios y socias a que registren sus coros y tendremos el gusto de compartir toda &hellip;<\/p>\n<p class=\"read-more\"> <a class=\"\" href=\"https:\/\/adicora.org\/caba\/gps-coral\/\"> <span class=\"screen-reader-text\">GPS Coral<\/span> Leer m\u00e1s &raquo;<\/a><\/p>\n","protected":false},"author":1,"featured_media":0,"parent":0,"menu_order":0,"comment_status":"closed","ping_status":"closed","template":"","meta":{"_eb_attr":"","site-sidebar-layout":"no-sidebar","site-content-layout":"page-builder","ast-site-content-layout":"full-width-container","site-content-style":"unboxed","site-sidebar-style":"unboxed","ast-global-header-display":"","ast-banner-title-visibility":"","ast-main-header-display":"","ast-hfb-above-header-display":"","ast-hfb-below-header-display":"","ast-hfb-mobile-header-display":"","site-post-title":"disabled","ast-breadcrumbs-content":"disabled","ast-featured-img":"disabled","footer-sml-layout":"","theme-transparent-header-meta":"enabled","adv-header-id-meta":"","stick-header-meta":"","header-above-stick-meta":"","header-main-stick-meta":"","header-below-stick-meta":"","astra-migrate-meta-layouts":"set","footnotes":""},"class_list":["post-1564","page","type-page","status-publish","hentry"],"yoast_head":"<!-- This site is optimized with the Yoast SEO plugin v25.1 - https:\/\/yoast.com\/wordpress\/plugins\/seo\/ -->\n<title>GPS Coral - ADICORA Filial CABA<\/title>\n<meta name=\"description\" content=\"El GPS Coral es una propuesta de ADICORA para encontrar informaci\u00f3n de formaciones corales en relaci\u00f3n a su ubicaci\u00f3n.\" \/>\n<meta name=\"robots\" content=\"index, follow, max-snippet:-1, max-image-preview:large, max-video-preview:-1\" \/>\n<link rel=\"canonical\" href=\"https:\/\/adicora.org\/caba\/gps-coral\/\" \/>\n<meta property=\"og:locale\" content=\"es_ES\" \/>\n<meta property=\"og:type\" content=\"article\" \/>\n<meta property=\"og:title\" content=\"GPS Coral - ADICORA Filial CABA\" \/>\n<meta property=\"og:description\" content=\"El GPS Coral es una propuesta de ADICORA para encontrar informaci\u00f3n de formaciones corales en relaci\u00f3n a su ubicaci\u00f3n.\" \/>\n<meta property=\"og:url\" content=\"https:\/\/adicora.org\/caba\/gps-coral\/\" \/>\n<meta property=\"og:site_name\" content=\"Adicora Filial Ciudad de Buenos Aires\" \/>\n<meta property=\"article:modified_time\" content=\"2025-05-22T22:34:55+00:00\" \/>\n<meta property=\"og:image\" content=\"https:\/\/adicora.org\/caba\/wp-content\/uploads\/2023\/09\/Mapa-e1694899275858.png\" \/>\n<meta name=\"twitter:card\" content=\"summary_large_image\" \/>\n<meta name=\"twitter:label1\" content=\"Tiempo de lectura\" \/>\n\t<meta name=\"twitter:data1\" content=\"2 minutos\" \/>\n<script type=\"application\/ld+json\" class=\"yoast-schema-graph\">{\"@context\":\"https:\/\/schema.org\",\"@graph\":[{\"@type\":\"WebPage\",\"@id\":\"https:\/\/adicora.org\/caba\/gps-coral\/\",\"url\":\"https:\/\/adicora.org\/caba\/gps-coral\/\",\"name\":\"GPS Coral - ADICORA Filial CABA\",\"isPartOf\":{\"@id\":\"https:\/\/adicora.org\/caba\/#website\"},\"primaryImageOfPage\":{\"@id\":\"https:\/\/adicora.org\/caba\/gps-coral\/#primaryimage\"},\"image\":{\"@id\":\"https:\/\/adicora.org\/caba\/gps-coral\/#primaryimage\"},\"thumbnailUrl\":\"https:\/\/adicora.org\/caba\/wp-content\/uploads\/2023\/09\/Mapa-e1694899275858.png\",\"datePublished\":\"2023-09-16T21:14:04+00:00\",\"dateModified\":\"2025-05-22T22:34:55+00:00\",\"description\":\"El GPS Coral es una propuesta de ADICORA para encontrar informaci\u00f3n de formaciones corales en relaci\u00f3n a su ubicaci\u00f3n.\",\"breadcrumb\":{\"@id\":\"https:\/\/adicora.org\/caba\/gps-coral\/#breadcrumb\"},\"inLanguage\":\"es\",\"potentialAction\":[{\"@type\":\"ReadAction\",\"target\":[\"https:\/\/adicora.org\/caba\/gps-coral\/\"]}]},{\"@type\":\"ImageObject\",\"inLanguage\":\"es\",\"@id\":\"https:\/\/adicora.org\/caba\/gps-coral\/#primaryimage\",\"url\":\"https:\/\/adicora.org\/caba\/wp-content\/uploads\/2023\/09\/Mapa-e1694899275858.png\",\"contentUrl\":\"https:\/\/adicora.org\/caba\/wp-content\/uploads\/2023\/09\/Mapa-e1694899275858.png\",\"width\":940,\"height\":628,\"caption\":\"GPS Coral\"},{\"@type\":\"BreadcrumbList\",\"@id\":\"https:\/\/adicora.org\/caba\/gps-coral\/#breadcrumb\",\"itemListElement\":[{\"@type\":\"ListItem\",\"position\":1,\"name\":\"Portada\",\"item\":\"https:\/\/adicora.org\/caba\/\"},{\"@type\":\"ListItem\",\"position\":2,\"name\":\"GPS Coral\"}]},{\"@type\":\"WebSite\",\"@id\":\"https:\/\/adicora.org\/caba\/#website\",\"url\":\"https:\/\/adicora.org\/caba\/\",\"name\":\"Adicora Filial Ciudad de Buenos Aires\",\"description\":\"\",\"publisher\":{\"@id\":\"https:\/\/adicora.org\/caba\/#organization\"},\"potentialAction\":[{\"@type\":\"SearchAction\",\"target\":{\"@type\":\"EntryPoint\",\"urlTemplate\":\"https:\/\/adicora.org\/caba\/?s={search_term_string}\"},\"query-input\":{\"@type\":\"PropertyValueSpecification\",\"valueRequired\":true,\"valueName\":\"search_term_string\"}}],\"inLanguage\":\"es\"},{\"@type\":\"Organization\",\"@id\":\"https:\/\/adicora.org\/caba\/#organization\",\"name\":\"Adicora Filial Ciudad de Buenos Aires\",\"url\":\"https:\/\/adicora.org\/caba\/\",\"logo\":{\"@type\":\"ImageObject\",\"inLanguage\":\"es\",\"@id\":\"https:\/\/adicora.org\/caba\/#\/schema\/logo\/image\/\",\"url\":\"https:\/\/adicora.org\/caba\/wp-content\/uploads\/2025\/10\/adicora-in-memoriam.png\",\"contentUrl\":\"https:\/\/adicora.org\/caba\/wp-content\/uploads\/2025\/10\/adicora-in-memoriam.png\",\"width\":435,\"height\":573,\"caption\":\"Adicora Filial Ciudad de Buenos Aires\"},\"image\":{\"@id\":\"https:\/\/adicora.org\/caba\/#\/schema\/logo\/image\/\"}}]}<\/script>\n<!-- \/ Yoast SEO plugin. -->","yoast_head_json":{"title":"GPS Coral - ADICORA Filial CABA","description":"El GPS Coral es una propuesta de ADICORA para encontrar informaci\u00f3n de formaciones corales en relaci\u00f3n a su ubicaci\u00f3n.","robots":{"index":"index","follow":"follow","max-snippet":"max-snippet:-1","max-image-preview":"max-image-preview:large","max-video-preview":"max-video-preview:-1"},"canonical":"https:\/\/adicora.org\/caba\/gps-coral\/","og_locale":"es_ES","og_type":"article","og_title":"GPS Coral - ADICORA Filial CABA","og_description":"El GPS Coral es una propuesta de ADICORA para encontrar informaci\u00f3n de formaciones corales en relaci\u00f3n a su ubicaci\u00f3n.","og_url":"https:\/\/adicora.org\/caba\/gps-coral\/","og_site_name":"Adicora Filial Ciudad de Buenos Aires","article_modified_time":"2025-05-22T22:34:55+00:00","og_image":[{"url":"https:\/\/adicora.org\/caba\/wp-content\/uploads\/2023\/09\/Mapa-e1694899275858.png","type":"","width":"","height":""}],"twitter_card":"summary_large_image","twitter_misc":{"Tiempo de lectura":"2 minutos"},"schema":{"@context":"https:\/\/schema.org","@graph":[{"@type":"WebPage","@id":"https:\/\/adicora.org\/caba\/gps-coral\/","url":"https:\/\/adicora.org\/caba\/gps-coral\/","name":"GPS Coral - ADICORA Filial CABA","isPartOf":{"@id":"https:\/\/adicora.org\/caba\/#website"},"primaryImageOfPage":{"@id":"https:\/\/adicora.org\/caba\/gps-coral\/#primaryimage"},"image":{"@id":"https:\/\/adicora.org\/caba\/gps-coral\/#primaryimage"},"thumbnailUrl":"https:\/\/adicora.org\/caba\/wp-content\/uploads\/2023\/09\/Mapa-e1694899275858.png","datePublished":"2023-09-16T21:14:04+00:00","dateModified":"2025-05-22T22:34:55+00:00","description":"El GPS Coral es una propuesta de ADICORA para encontrar informaci\u00f3n de formaciones corales en relaci\u00f3n a su ubicaci\u00f3n.","breadcrumb":{"@id":"https:\/\/adicora.org\/caba\/gps-coral\/#breadcrumb"},"inLanguage":"es","potentialAction":[{"@type":"ReadAction","target":["https:\/\/adicora.org\/caba\/gps-coral\/"]}]},{"@type":"ImageObject","inLanguage":"es","@id":"https:\/\/adicora.org\/caba\/gps-coral\/#primaryimage","url":"https:\/\/adicora.org\/caba\/wp-content\/uploads\/2023\/09\/Mapa-e1694899275858.png","contentUrl":"https:\/\/adicora.org\/caba\/wp-content\/uploads\/2023\/09\/Mapa-e1694899275858.png","width":940,"height":628,"caption":"GPS Coral"},{"@type":"BreadcrumbList","@id":"https:\/\/adicora.org\/caba\/gps-coral\/#breadcrumb","itemListElement":[{"@type":"ListItem","position":1,"name":"Portada","item":"https:\/\/adicora.org\/caba\/"},{"@type":"ListItem","position":2,"name":"GPS Coral"}]},{"@type":"WebSite","@id":"https:\/\/adicora.org\/caba\/#website","url":"https:\/\/adicora.org\/caba\/","name":"Adicora Filial Ciudad de Buenos Aires","description":"","publisher":{"@id":"https:\/\/adicora.org\/caba\/#organization"},"potentialAction":[{"@type":"SearchAction","target":{"@type":"EntryPoint","urlTemplate":"https:\/\/adicora.org\/caba\/?s={search_term_string}"},"query-input":{"@type":"PropertyValueSpecification","valueRequired":true,"valueName":"search_term_string"}}],"inLanguage":"es"},{"@type":"Organization","@id":"https:\/\/adicora.org\/caba\/#organization","name":"Adicora Filial Ciudad de Buenos Aires","url":"https:\/\/adicora.org\/caba\/","logo":{"@type":"ImageObject","inLanguage":"es","@id":"https:\/\/adicora.org\/caba\/#\/schema\/logo\/image\/","url":"https:\/\/adicora.org\/caba\/wp-content\/uploads\/2025\/10\/adicora-in-memoriam.png","contentUrl":"https:\/\/adicora.org\/caba\/wp-content\/uploads\/2025\/10\/adicora-in-memoriam.png","width":435,"height":573,"caption":"Adicora Filial Ciudad de Buenos Aires"},"image":{"@id":"https:\/\/adicora.org\/caba\/#\/schema\/logo\/image\/"}}]}},"_links":{"self":[{"href":"https:\/\/adicora.org\/caba\/wp-json\/wp\/v2\/pages\/1564","targetHints":{"allow":["GET"]}}],"collection":[{"href":"https:\/\/adicora.org\/caba\/wp-json\/wp\/v2\/pages"}],"about":[{"href":"https:\/\/adicora.org\/caba\/wp-json\/wp\/v2\/types\/page"}],"author":[{"embeddable":true,"href":"https:\/\/adicora.org\/caba\/wp-json\/wp\/v2\/users\/1"}],"replies":[{"embeddable":true,"href":"https:\/\/adicora.org\/caba\/wp-json\/wp\/v2\/comments?post=1564"}],"version-history":[{"count":93,"href":"https:\/\/adicora.org\/caba\/wp-json\/wp\/v2\/pages\/1564\/revisions"}],"predecessor-version":[{"id":4244,"href":"https:\/\/adicora.org\/caba\/wp-json\/wp\/v2\/pages\/1564\/revisions\/4244"}],"wp:attachment":[{"href":"https:\/\/adicora.org\/caba\/wp-json\/wp\/v2\/media?parent=1564"}],"curies":[{"name":"wp","href":"https:\/\/api.w.org\/{rel}","templated":true}]}}