{"id":1540,"date":"2023-09-15T18:35:03","date_gmt":"2023-09-15T21:35:03","guid":{"rendered":"https:\/\/adicora.org\/caba\/?page_id=1540"},"modified":"2025-05-22T19:40:01","modified_gmt":"2025-05-22T22:40:01","slug":"convocatorias","status":"publish","type":"page","link":"https:\/\/adicora.org\/caba\/convocatorias\/","title":{"rendered":"Convocatorias"},"content":{"rendered":"\t\t<div data-elementor-type=\"wp-page\" data-elementor-id=\"1540\" class=\"elementor elementor-1540\">\n\t\t\t\t\t\t<section class=\"elementor-section elementor-top-section elementor-element elementor-element-e8d8309 elementor-section-height-min-height elementor-reverse-mobile elementor-section-boxed elementor-section-height-default elementor-section-items-middle\" data-id=\"e8d8309\" data-element_type=\"section\" data-settings=\"{&quot;background_background&quot;:&quot;classic&quot;}\">\n\t\t\t\t\t\t\t<div class=\"elementor-background-overlay\"><\/div>\n\t\t\t\t\t\t\t<div class=\"elementor-container elementor-column-gap-no\">\n\t\t\t\t\t<div class=\"elementor-column elementor-col-50 elementor-top-column elementor-element elementor-element-4ec7304\" data-id=\"4ec7304\" data-element_type=\"column\">\n\t\t\t<div class=\"elementor-widget-wrap elementor-element-populated\">\n\t\t\t\t\t\t<div class=\"elementor-element elementor-element-7bd7da8 elementor-widget-divider--view-line elementor-widget elementor-widget-divider\" data-id=\"7bd7da8\" data-element_type=\"widget\" data-widget_type=\"divider.default\">\n\t\t\t\t<div class=\"elementor-widget-container\">\n\t\t\t\t\t\t\t<div class=\"elementor-divider\">\n\t\t\t<span class=\"elementor-divider-separator\">\n\t\t\t\t\t\t<\/span>\n\t\t<\/div>\n\t\t\t\t\t\t<\/div>\n\t\t\t\t<\/div>\n\t\t\t\t<div class=\"elementor-element elementor-element-597b74a elementor-widget elementor-widget-heading\" data-id=\"597b74a\" data-element_type=\"widget\" data-widget_type=\"heading.default\">\n\t\t\t\t<div class=\"elementor-widget-container\">\n\t\t\t\t\t<h1 class=\"elementor-heading-title elementor-size-large\">CONVOCATORIAS<\/h1>\t\t\t\t<\/div>\n\t\t\t\t<\/div>\n\t\t\t\t<div class=\"elementor-element elementor-element-80593a0 elementor-widget elementor-widget-text-editor\" data-id=\"80593a0\" data-element_type=\"widget\" data-widget_type=\"text-editor.default\">\n\t\t\t\t<div class=\"elementor-widget-container\">\n\t\t\t\t\t\t\t\t\t<p>Ponemos a la disposici\u00f3n de directores y directoras algunas convocatorias para las actividades promovidas por nuestra filial, tales como ciclos de conciertos ADICORA, Buenos Aires Canta, Cartera de Proyectos, Pr\u00e1cticas para Estudiantes de Direcci\u00f3n Coral, Abrazos Cantores, La Ni\u00f1ez EnCanta, <a href=\"https:\/\/adicora.org\/caba\/concurso\">Concurso de Composici\u00f3n de obras para Coros Infantiles<\/a>, etc. Tambi\u00e9n brindamos un espacio de convocatoria para actividades organizadas por nuestros socios\/as.<\/p>\t\t\t\t\t\t\t\t<\/div>\n\t\t\t\t<\/div>\n\t\t\t\t\t<\/div>\n\t\t<\/div>\n\t\t\t\t<div class=\"elementor-column elementor-col-50 elementor-top-column elementor-element elementor-element-d203387\" data-id=\"d203387\" data-element_type=\"column\">\n\t\t\t<div class=\"elementor-widget-wrap elementor-element-populated\">\n\t\t\t\t\t\t<div class=\"elementor-element elementor-element-1f692c2 elementor-widget elementor-widget-image\" data-id=\"1f692c2\" data-element_type=\"widget\" data-widget_type=\"image.default\">\n\t\t\t\t<div class=\"elementor-widget-container\">\n\t\t\t\t\t\t\t\t\t\t\t\t\t\t\t<img fetchpriority=\"high\" decoding=\"async\" width=\"2560\" height=\"1493\" src=\"https:\/\/adicora.org\/caba\/wp-content\/uploads\/2023\/10\/20230812_114345-scaled-e1697573460748.jpg\" class=\"attachment-full size-full wp-image-2515\" alt=\"\" srcset=\"https:\/\/adicora.org\/caba\/wp-content\/uploads\/2023\/10\/20230812_114345-scaled-e1697573460748.jpg 2560w, https:\/\/adicora.org\/caba\/wp-content\/uploads\/2023\/10\/20230812_114345-scaled-e1697573460748-300x175.jpg 300w, https:\/\/adicora.org\/caba\/wp-content\/uploads\/2023\/10\/20230812_114345-scaled-e1697573460748-1024x597.jpg 1024w, https:\/\/adicora.org\/caba\/wp-content\/uploads\/2023\/10\/20230812_114345-scaled-e1697573460748-768x448.jpg 768w, https:\/\/adicora.org\/caba\/wp-content\/uploads\/2023\/10\/20230812_114345-scaled-e1697573460748-1536x896.jpg 1536w, https:\/\/adicora.org\/caba\/wp-content\/uploads\/2023\/10\/20230812_114345-scaled-e1697573460748-2048x1194.jpg 2048w\" sizes=\"(max-width: 2560px) 100vw, 2560px\" \/>\t\t\t\t\t\t\t\t\t\t\t\t\t\t\t<\/div>\n\t\t\t\t<\/div>\n\t\t\t\t\t<\/div>\n\t\t<\/div>\n\t\t\t\t\t<\/div>\n\t\t<\/section>\n\t\t<div class=\"elementor-element elementor-element-16fdd4a e-flex e-con-boxed e-con e-parent\" data-id=\"16fdd4a\" data-element_type=\"container\">\n\t\t\t\t\t<div class=\"e-con-inner\">\n\t\t<div class=\"elementor-element elementor-element-e73ab44 e-con-full e-flex e-con e-child\" data-id=\"e73ab44\" data-element_type=\"container\">\n\t\t\t\t<div class=\"elementor-element elementor-element-6cf0bb8 elementor-widget elementor-widget-heading\" data-id=\"6cf0bb8\" data-element_type=\"widget\" data-widget_type=\"heading.default\">\n\t\t\t\t<div class=\"elementor-widget-container\">\n\t\t\t\t\t<h2 class=\"elementor-heading-title elementor-size-medium\"><a href=\"https:\/\/adicora.org\/caba\/convocatorias-directores\/\">PARA DIRECTORES Y DIRECTORAS<\/a><\/h2>\t\t\t\t<\/div>\n\t\t\t\t<\/div>\n\t\t\t\t<\/div>\n\t\t<div class=\"elementor-element elementor-element-7318e70 e-con-full e-flex e-con e-child\" data-id=\"7318e70\" data-element_type=\"container\">\n\t\t\t\t<div class=\"elementor-element elementor-element-1396131 elementor-widget elementor-widget-heading\" data-id=\"1396131\" data-element_type=\"widget\" data-widget_type=\"heading.default\">\n\t\t\t\t<div class=\"elementor-widget-container\">\n\t\t\t\t\t<h2 class=\"elementor-heading-title elementor-size-medium\"><a href=\"https:\/\/adicora.org\/caba\/convocatoriasdevoces\/\">PARA COREUTAS <br>(convocatorias de voces)<\/a><\/h2>\t\t\t\t<\/div>\n\t\t\t\t<\/div>\n\t\t\t\t<\/div>\n\t\t\t\t\t<\/div>\n\t\t\t\t<\/div>\n\t\t<div class=\"elementor-element elementor-element-202919d e-flex e-con-boxed e-con e-parent\" data-id=\"202919d\" data-element_type=\"container\">\n\t\t\t\t\t<div class=\"e-con-inner\">\n\t\t<div class=\"elementor-element elementor-element-a990b2b e-con-full e-flex e-con e-child\" data-id=\"a990b2b\" data-element_type=\"container\">\n\t\t\t\t<div class=\"elementor-element elementor-element-f618809 elementor-widget elementor-widget-image\" data-id=\"f618809\" data-element_type=\"widget\" data-widget_type=\"image.default\">\n\t\t\t\t<div class=\"elementor-widget-container\">\n\t\t\t\t\t\t\t\t\t\t\t\t\t\t\t\t<a href=\"https:\/\/goldberg-verlag.com\/es\/inicio\/\">\n\t\t\t\t\t\t\t<img decoding=\"async\" width=\"1024\" height=\"512\" src=\"https:\/\/adicora.org\/caba\/wp-content\/uploads\/2023\/10\/Banner-de-Goldberg-1024x512.png\" class=\"attachment-large size-large wp-image-2336\" alt=\"\" srcset=\"https:\/\/adicora.org\/caba\/wp-content\/uploads\/2023\/10\/Banner-de-Goldberg-1024x512.png 1024w, https:\/\/adicora.org\/caba\/wp-content\/uploads\/2023\/10\/Banner-de-Goldberg-300x150.png 300w, https:\/\/adicora.org\/caba\/wp-content\/uploads\/2023\/10\/Banner-de-Goldberg-768x384.png 768w, https:\/\/adicora.org\/caba\/wp-content\/uploads\/2023\/10\/Banner-de-Goldberg-1536x768.png 1536w, https:\/\/adicora.org\/caba\/wp-content\/uploads\/2023\/10\/Banner-de-Goldberg-2048x1024.png 2048w\" sizes=\"(max-width: 1024px) 100vw, 1024px\" \/>\t\t\t\t\t\t\t\t<\/a>\n\t\t\t\t\t\t\t\t\t\t\t\t\t\t\t<\/div>\n\t\t\t\t<\/div>\n\t\t\t\t<\/div>\n\t\t<div class=\"elementor-element elementor-element-ac122a4 e-con-full e-flex e-con e-child\" data-id=\"ac122a4\" data-element_type=\"container\">\n\t\t\t\t<div class=\"elementor-element elementor-element-8303e65 elementor-widget elementor-widget-image\" data-id=\"8303e65\" data-element_type=\"widget\" data-widget_type=\"image.default\">\n\t\t\t\t<div class=\"elementor-widget-container\">\n\t\t\t\t\t\t\t\t\t\t\t\t\t\t\t\t<a href=\"https:\/\/edicionesgcc.org.ar\/\">\n\t\t\t\t\t\t\t<img decoding=\"async\" width=\"1024\" height=\"512\" src=\"https:\/\/adicora.org\/caba\/wp-content\/uploads\/2023\/10\/Banner-de-GCC-1024x512.png\" class=\"attachment-large size-large wp-image-2481\" alt=\"\" srcset=\"https:\/\/adicora.org\/caba\/wp-content\/uploads\/2023\/10\/Banner-de-GCC-1024x512.png 1024w, https:\/\/adicora.org\/caba\/wp-content\/uploads\/2023\/10\/Banner-de-GCC-300x150.png 300w, https:\/\/adicora.org\/caba\/wp-content\/uploads\/2023\/10\/Banner-de-GCC-768x384.png 768w, https:\/\/adicora.org\/caba\/wp-content\/uploads\/2023\/10\/Banner-de-GCC-1536x768.png 1536w, https:\/\/adicora.org\/caba\/wp-content\/uploads\/2023\/10\/Banner-de-GCC-2048x1024.png 2048w\" sizes=\"(max-width: 1024px) 100vw, 1024px\" \/>\t\t\t\t\t\t\t\t<\/a>\n\t\t\t\t\t\t\t\t\t\t\t\t\t\t\t<\/div>\n\t\t\t\t<\/div>\n\t\t\t\t<\/div>\n\t\t<div class=\"elementor-element elementor-element-15c7d42 e-con-full e-flex e-con e-child\" data-id=\"15c7d42\" data-element_type=\"container\">\n\t\t\t\t<div class=\"elementor-element elementor-element-1737af6 elementor-widget elementor-widget-image\" data-id=\"1737af6\" data-element_type=\"widget\" data-widget_type=\"image.default\">\n\t\t\t\t<div class=\"elementor-widget-container\">\n\t\t\t\t\t\t\t\t\t\t\t\t\t\t\t\t<a href=\"https:\/\/comcorar.com\/\">\n\t\t\t\t\t\t\t<img loading=\"lazy\" decoding=\"async\" width=\"1024\" height=\"512\" src=\"https:\/\/adicora.org\/caba\/wp-content\/uploads\/2023\/10\/Banner-de-ComCorAr-1024x512.png\" class=\"attachment-large size-large wp-image-2769\" alt=\"\" srcset=\"https:\/\/adicora.org\/caba\/wp-content\/uploads\/2023\/10\/Banner-de-ComCorAr-1024x512.png 1024w, https:\/\/adicora.org\/caba\/wp-content\/uploads\/2023\/10\/Banner-de-ComCorAr-300x150.png 300w, https:\/\/adicora.org\/caba\/wp-content\/uploads\/2023\/10\/Banner-de-ComCorAr-768x384.png 768w, https:\/\/adicora.org\/caba\/wp-content\/uploads\/2023\/10\/Banner-de-ComCorAr-1536x768.png 1536w, https:\/\/adicora.org\/caba\/wp-content\/uploads\/2023\/10\/Banner-de-ComCorAr-2048x1024.png 2048w\" sizes=\"(max-width: 1024px) 100vw, 1024px\" \/>\t\t\t\t\t\t\t\t<\/a>\n\t\t\t\t\t\t\t\t\t\t\t\t\t\t\t<\/div>\n\t\t\t\t<\/div>\n\t\t\t\t<\/div>\n\t\t<div class=\"elementor-element elementor-element-c54072f e-con-full e-flex e-con e-child\" data-id=\"c54072f\" data-element_type=\"container\">\n\t\t\t\t<\/div>\n\t\t<div class=\"elementor-element elementor-element-eed4f47 e-con-full e-flex e-con e-child\" data-id=\"eed4f47\" data-element_type=\"container\">\n\t\t\t\t<\/div>\n\t\t<div class=\"elementor-element elementor-element-0d3f3a4 e-con-full e-flex e-con e-child\" data-id=\"0d3f3a4\" data-element_type=\"container\">\n\t\t\t\t<\/div>\n\t\t\t\t\t<\/div>\n\t\t\t\t<\/div>\n\t\t\t\t<\/div>\n\t\t","protected":false},"excerpt":{"rendered":"<p>CONVOCATORIAS Ponemos a la disposici\u00f3n de directores y directoras algunas convocatorias para las actividades promovidas por nuestra filial, tales como ciclos de conciertos ADICORA, Buenos Aires Canta, Cartera de Proyectos, Pr\u00e1cticas para Estudiantes de Direcci\u00f3n Coral, Abrazos Cantores, La Ni\u00f1ez EnCanta, Concurso de Composici\u00f3n de obras para Coros Infantiles, etc. Tambi\u00e9n brindamos un espacio de &hellip;<\/p>\n<p class=\"read-more\"> <a class=\"\" href=\"https:\/\/adicora.org\/caba\/convocatorias\/\"> <span class=\"screen-reader-text\">Convocatorias<\/span> Leer m\u00e1s &raquo;<\/a><\/p>\n","protected":false},"author":1,"featured_media":0,"parent":0,"menu_order":0,"comment_status":"closed","ping_status":"closed","template":"","meta":{"_eb_attr":"","site-sidebar-layout":"no-sidebar","site-content-layout":"page-builder","ast-site-content-layout":"full-width-container","site-content-style":"unboxed","site-sidebar-style":"unboxed","ast-global-header-display":"","ast-banner-title-visibility":"","ast-main-header-display":"","ast-hfb-above-header-display":"","ast-hfb-below-header-display":"","ast-hfb-mobile-header-display":"","site-post-title":"disabled","ast-breadcrumbs-content":"disabled","ast-featured-img":"disabled","footer-sml-layout":"","theme-transparent-header-meta":"enabled","adv-header-id-meta":"","stick-header-meta":"","header-above-stick-meta":"","header-main-stick-meta":"","header-below-stick-meta":"","astra-migrate-meta-layouts":"set","footnotes":""},"class_list":["post-1540","page","type-page","status-publish","hentry"],"yoast_head":"<!-- This site is optimized with the Yoast SEO plugin v25.1 - https:\/\/yoast.com\/wordpress\/plugins\/seo\/ -->\n<title>Convocatorias - ADICORA filial Ciudad de Buenos Aires<\/title>\n<meta name=\"description\" content=\"Convocatorias sobre las distintas actividades relacionadas a y promovidas por la filial de ADICORA de la Ciudad de Buenos Aires.\" \/>\n<meta name=\"robots\" content=\"index, follow, max-snippet:-1, max-image-preview:large, max-video-preview:-1\" \/>\n<link rel=\"canonical\" href=\"https:\/\/adicora.org\/caba\/convocatorias\/\" \/>\n<meta property=\"og:locale\" content=\"es_ES\" \/>\n<meta property=\"og:type\" content=\"article\" \/>\n<meta property=\"og:title\" content=\"Convocatorias - ADICORA filial Ciudad de Buenos Aires\" \/>\n<meta property=\"og:description\" content=\"Convocatorias sobre las distintas actividades relacionadas a y promovidas por la filial de ADICORA de la Ciudad de Buenos Aires.\" \/>\n<meta property=\"og:url\" content=\"https:\/\/adicora.org\/caba\/convocatorias\/\" \/>\n<meta property=\"og:site_name\" content=\"Adicora Filial Ciudad de Buenos Aires\" \/>\n<meta property=\"article:modified_time\" content=\"2025-05-22T22:40:01+00:00\" \/>\n<meta property=\"og:image\" content=\"https:\/\/adicora.org\/caba\/wp-content\/uploads\/2023\/10\/20230812_114345-scaled-e1697573460748.jpg\" \/>\n<meta name=\"twitter:card\" content=\"summary_large_image\" \/>\n<meta name=\"twitter:label1\" content=\"Tiempo de lectura\" \/>\n\t<meta name=\"twitter:data1\" content=\"2 minutos\" \/>\n<script type=\"application\/ld+json\" class=\"yoast-schema-graph\">{\"@context\":\"https:\/\/schema.org\",\"@graph\":[{\"@type\":\"WebPage\",\"@id\":\"https:\/\/adicora.org\/caba\/convocatorias\/\",\"url\":\"https:\/\/adicora.org\/caba\/convocatorias\/\",\"name\":\"Convocatorias - ADICORA filial Ciudad de Buenos Aires\",\"isPartOf\":{\"@id\":\"https:\/\/adicora.org\/caba\/#website\"},\"primaryImageOfPage\":{\"@id\":\"https:\/\/adicora.org\/caba\/convocatorias\/#primaryimage\"},\"image\":{\"@id\":\"https:\/\/adicora.org\/caba\/convocatorias\/#primaryimage\"},\"thumbnailUrl\":\"https:\/\/adicora.org\/caba\/wp-content\/uploads\/2023\/10\/20230812_114345-scaled-e1697573460748.jpg\",\"datePublished\":\"2023-09-15T21:35:03+00:00\",\"dateModified\":\"2025-05-22T22:40:01+00:00\",\"description\":\"Convocatorias sobre las distintas actividades relacionadas a y promovidas por la filial de ADICORA de la Ciudad de Buenos Aires.\",\"breadcrumb\":{\"@id\":\"https:\/\/adicora.org\/caba\/convocatorias\/#breadcrumb\"},\"inLanguage\":\"es\",\"potentialAction\":[{\"@type\":\"ReadAction\",\"target\":[\"https:\/\/adicora.org\/caba\/convocatorias\/\"]}]},{\"@type\":\"ImageObject\",\"inLanguage\":\"es\",\"@id\":\"https:\/\/adicora.org\/caba\/convocatorias\/#primaryimage\",\"url\":\"https:\/\/adicora.org\/caba\/wp-content\/uploads\/2023\/10\/20230812_114345-scaled-e1697573460748.jpg\",\"contentUrl\":\"https:\/\/adicora.org\/caba\/wp-content\/uploads\/2023\/10\/20230812_114345-scaled-e1697573460748.jpg\",\"width\":2560,\"height\":1493},{\"@type\":\"BreadcrumbList\",\"@id\":\"https:\/\/adicora.org\/caba\/convocatorias\/#breadcrumb\",\"itemListElement\":[{\"@type\":\"ListItem\",\"position\":1,\"name\":\"Portada\",\"item\":\"https:\/\/adicora.org\/caba\/\"},{\"@type\":\"ListItem\",\"position\":2,\"name\":\"Convocatorias\"}]},{\"@type\":\"WebSite\",\"@id\":\"https:\/\/adicora.org\/caba\/#website\",\"url\":\"https:\/\/adicora.org\/caba\/\",\"name\":\"Adicora Filial Ciudad de Buenos Aires\",\"description\":\"\",\"publisher\":{\"@id\":\"https:\/\/adicora.org\/caba\/#organization\"},\"potentialAction\":[{\"@type\":\"SearchAction\",\"target\":{\"@type\":\"EntryPoint\",\"urlTemplate\":\"https:\/\/adicora.org\/caba\/?s={search_term_string}\"},\"query-input\":{\"@type\":\"PropertyValueSpecification\",\"valueRequired\":true,\"valueName\":\"search_term_string\"}}],\"inLanguage\":\"es\"},{\"@type\":\"Organization\",\"@id\":\"https:\/\/adicora.org\/caba\/#organization\",\"name\":\"Adicora Filial Ciudad de Buenos Aires\",\"url\":\"https:\/\/adicora.org\/caba\/\",\"logo\":{\"@type\":\"ImageObject\",\"inLanguage\":\"es\",\"@id\":\"https:\/\/adicora.org\/caba\/#\/schema\/logo\/image\/\",\"url\":\"https:\/\/adicora.org\/caba\/wp-content\/uploads\/2025\/10\/adicora-in-memoriam.png\",\"contentUrl\":\"https:\/\/adicora.org\/caba\/wp-content\/uploads\/2025\/10\/adicora-in-memoriam.png\",\"width\":435,\"height\":573,\"caption\":\"Adicora Filial Ciudad de Buenos Aires\"},\"image\":{\"@id\":\"https:\/\/adicora.org\/caba\/#\/schema\/logo\/image\/\"}}]}<\/script>\n<!-- \/ Yoast SEO plugin. -->","yoast_head_json":{"title":"Convocatorias - ADICORA filial Ciudad de Buenos Aires","description":"Convocatorias sobre las distintas actividades relacionadas a y promovidas por la filial de ADICORA de la Ciudad de Buenos Aires.","robots":{"index":"index","follow":"follow","max-snippet":"max-snippet:-1","max-image-preview":"max-image-preview:large","max-video-preview":"max-video-preview:-1"},"canonical":"https:\/\/adicora.org\/caba\/convocatorias\/","og_locale":"es_ES","og_type":"article","og_title":"Convocatorias - ADICORA filial Ciudad de Buenos Aires","og_description":"Convocatorias sobre las distintas actividades relacionadas a y promovidas por la filial de ADICORA de la Ciudad de Buenos Aires.","og_url":"https:\/\/adicora.org\/caba\/convocatorias\/","og_site_name":"Adicora Filial Ciudad de Buenos Aires","article_modified_time":"2025-05-22T22:40:01+00:00","og_image":[{"url":"https:\/\/adicora.org\/caba\/wp-content\/uploads\/2023\/10\/20230812_114345-scaled-e1697573460748.jpg","type":"","width":"","height":""}],"twitter_card":"summary_large_image","twitter_misc":{"Tiempo de lectura":"2 minutos"},"schema":{"@context":"https:\/\/schema.org","@graph":[{"@type":"WebPage","@id":"https:\/\/adicora.org\/caba\/convocatorias\/","url":"https:\/\/adicora.org\/caba\/convocatorias\/","name":"Convocatorias - ADICORA filial Ciudad de Buenos Aires","isPartOf":{"@id":"https:\/\/adicora.org\/caba\/#website"},"primaryImageOfPage":{"@id":"https:\/\/adicora.org\/caba\/convocatorias\/#primaryimage"},"image":{"@id":"https:\/\/adicora.org\/caba\/convocatorias\/#primaryimage"},"thumbnailUrl":"https:\/\/adicora.org\/caba\/wp-content\/uploads\/2023\/10\/20230812_114345-scaled-e1697573460748.jpg","datePublished":"2023-09-15T21:35:03+00:00","dateModified":"2025-05-22T22:40:01+00:00","description":"Convocatorias sobre las distintas actividades relacionadas a y promovidas por la filial de ADICORA de la Ciudad de Buenos Aires.","breadcrumb":{"@id":"https:\/\/adicora.org\/caba\/convocatorias\/#breadcrumb"},"inLanguage":"es","potentialAction":[{"@type":"ReadAction","target":["https:\/\/adicora.org\/caba\/convocatorias\/"]}]},{"@type":"ImageObject","inLanguage":"es","@id":"https:\/\/adicora.org\/caba\/convocatorias\/#primaryimage","url":"https:\/\/adicora.org\/caba\/wp-content\/uploads\/2023\/10\/20230812_114345-scaled-e1697573460748.jpg","contentUrl":"https:\/\/adicora.org\/caba\/wp-content\/uploads\/2023\/10\/20230812_114345-scaled-e1697573460748.jpg","width":2560,"height":1493},{"@type":"BreadcrumbList","@id":"https:\/\/adicora.org\/caba\/convocatorias\/#breadcrumb","itemListElement":[{"@type":"ListItem","position":1,"name":"Portada","item":"https:\/\/adicora.org\/caba\/"},{"@type":"ListItem","position":2,"name":"Convocatorias"}]},{"@type":"WebSite","@id":"https:\/\/adicora.org\/caba\/#website","url":"https:\/\/adicora.org\/caba\/","name":"Adicora Filial Ciudad de Buenos Aires","description":"","publisher":{"@id":"https:\/\/adicora.org\/caba\/#organization"},"potentialAction":[{"@type":"SearchAction","target":{"@type":"EntryPoint","urlTemplate":"https:\/\/adicora.org\/caba\/?s={search_term_string}"},"query-input":{"@type":"PropertyValueSpecification","valueRequired":true,"valueName":"search_term_string"}}],"inLanguage":"es"},{"@type":"Organization","@id":"https:\/\/adicora.org\/caba\/#organization","name":"Adicora Filial Ciudad de Buenos Aires","url":"https:\/\/adicora.org\/caba\/","logo":{"@type":"ImageObject","inLanguage":"es","@id":"https:\/\/adicora.org\/caba\/#\/schema\/logo\/image\/","url":"https:\/\/adicora.org\/caba\/wp-content\/uploads\/2025\/10\/adicora-in-memoriam.png","contentUrl":"https:\/\/adicora.org\/caba\/wp-content\/uploads\/2025\/10\/adicora-in-memoriam.png","width":435,"height":573,"caption":"Adicora Filial Ciudad de Buenos Aires"},"image":{"@id":"https:\/\/adicora.org\/caba\/#\/schema\/logo\/image\/"}}]}},"_links":{"self":[{"href":"https:\/\/adicora.org\/caba\/wp-json\/wp\/v2\/pages\/1540","targetHints":{"allow":["GET"]}}],"collection":[{"href":"https:\/\/adicora.org\/caba\/wp-json\/wp\/v2\/pages"}],"about":[{"href":"https:\/\/adicora.org\/caba\/wp-json\/wp\/v2\/types\/page"}],"author":[{"embeddable":true,"href":"https:\/\/adicora.org\/caba\/wp-json\/wp\/v2\/users\/1"}],"replies":[{"embeddable":true,"href":"https:\/\/adicora.org\/caba\/wp-json\/wp\/v2\/comments?post=1540"}],"version-history":[{"count":111,"href":"https:\/\/adicora.org\/caba\/wp-json\/wp\/v2\/pages\/1540\/revisions"}],"predecessor-version":[{"id":4302,"href":"https:\/\/adicora.org\/caba\/wp-json\/wp\/v2\/pages\/1540\/revisions\/4302"}],"wp:attachment":[{"href":"https:\/\/adicora.org\/caba\/wp-json\/wp\/v2\/media?parent=1540"}],"curies":[{"name":"wp","href":"https:\/\/api.w.org\/{rel}","templated":true}]}}